{"id":62,"date":"2018-03-09T14:43:48","date_gmt":"2018-03-09T14:43:48","guid":{"rendered":"http:\/\/ellina-pflegedienst-lahr.de\/?page_id=62"},"modified":"2024-02-22T09:14:22","modified_gmt":"2024-02-22T09:14:22","slug":"nuetzliche-infos","status":"publish","type":"page","link":"https:\/\/ellina-pflegedienst-lahr.de\/?page_id=62","title":{"rendered":"N\u00dcTZLICHE INFOS"},"content":{"rendered":"\t\t<div data-elementor-type=\"wp-post\" data-elementor-id=\"62\" class=\"elementor elementor-62\">\n\t\t\t\t\t\t\t\t\t<section class=\"elementor-section elementor-top-section elementor-element elementor-element-8cf9563 elementor-section-boxed elementor-section-height-default elementor-section-height-default\" data-id=\"8cf9563\" data-element_type=\"section\">\n\t\t\t\t\t\t<div class=\"elementor-container elementor-column-gap-default\">\n\t\t\t\t\t<div class=\"elementor-column elementor-col-100 elementor-top-column elementor-element elementor-element-283742e\" data-id=\"283742e\" data-element_type=\"column\">\n\t\t\t<div class=\"elementor-widget-wrap elementor-element-populated\">\n\t\t\t\t\t\t\t\t<div class=\"elementor-element elementor-element-e2f248c elementor-widget elementor-widget-text-editor\" data-id=\"e2f248c\" data-element_type=\"widget\" data-widget_type=\"text-editor.default\">\n\t\t\t\t<div class=\"elementor-widget-container\">\n\t\t\t\t\t\t\t<p><span style=\"color: #808080; font-family: tahoma, arial, helvetica, sans-serif; font-size: 16px;\">Trotz H\u00fclle und F\u00fclle an Informationen fehlt\u00a0<\/span><span style=\"background-color: transparent; color: #808080; font-family: tahoma, arial, helvetica, sans-serif; font-size: 16px;\">oftmals das N\u00fctzliche.<\/span><\/p><p style=\"background-color: transparent; font-variant-numeric: normal; font-variant-east-asian: normal;\">\u00a0<span style=\"background-color: transparent; color: #808080; font-family: tahoma, arial, helvetica, sans-serif; font-size: 16px;\">Zu Ihrer Orientierung haben wir wichtige Adressen\u00a0<\/span><span style=\"background-color: transparent; color: #808080; font-family: tahoma, arial, helvetica, sans-serif; font-size: 16px;\">im Web rund um das Thema \u201ePflege\u201c zusammengefasst.<\/span><\/p><p style=\"background-color: transparent; font-variant-numeric: normal; font-variant-east-asian: normal;\"><span style=\"color: #808080; font-family: tahoma, arial, helvetica, sans-serif; font-size: 16px;\">Gerne k\u00f6nnen Sie mit jedem Ihren Anliegen direkt an uns wenden.<\/span><\/p>\t\t\t\t\t\t<\/div>\n\t\t\t\t<\/div>\n\t\t\t\t<div class=\"elementor-element elementor-element-a6b2e77 elementor-widget elementor-widget-image\" data-id=\"a6b2e77\" data-element_type=\"widget\" data-widget_type=\"image.default\">\n\t\t\t\t<div class=\"elementor-widget-container\">\n\t\t\t\t\t\t\t\t\t\t\t\t\t\t\t<img decoding=\"async\" src=\"https:\/\/ellina-pflegedienst-lahr.de\/wp-content\/uploads\/2024\/02\/pflege-alt-jung-haende-shutterstock_africa-studio-252587827-me-scaled.jpg\" title=\"pflege-alt-jung-haende-shutterstock_africa-studio-252587827-me\" alt=\"pflege-alt-jung-haende-shutterstock_africa-studio-252587827-me\" loading=\"lazy\" \/>\t\t\t\t\t\t\t\t\t\t\t\t\t\t\t<\/div>\n\t\t\t\t<\/div>\n\t\t\t\t<div class=\"elementor-element elementor-element-5aecb7e elementor-widget elementor-widget-text-editor\" data-id=\"5aecb7e\" data-element_type=\"widget\" data-widget_type=\"text-editor.default\">\n\t\t\t\t<div class=\"elementor-widget-container\">\n\t\t\t\t\t\t\t<p><span style=\"color: #75b53d; font-family: tahoma, arial, helvetica, sans-serif; font-size: 14pt;\"><span style=\"color: #645492;\">Adressen im Internet<\/span><\/span><\/p><ul><li><span style=\"font-family: tahoma, arial, helvetica, sans-serif; font-size: 12pt;\"><a href=\"https:\/\/www.pflegen-und-leben.de\/\">https:\/\/www.pflegen-und-leben.de<\/a>\u00a0<span style=\"color: #808080;\">\u2013 ist ein Beratungsangebot f\u00fcr pflegende Angeh\u00f6rigen. Hier k\u00f6nnen Verwandte, Nachbarn und Freunde der gepflegten Person psychologische Unterst\u00fctzung von den qualifizierten Psychologen holen. Pflegende Angeh\u00f6rige k\u00f6nnen ihren aktuellen Belastbarkeitszustand pr\u00fcfen, hilfreiche Tipps holen und eine Online-Beratung mit Psychologen anonym und datensicher erhalten. F\u00fcr alle, die gesetzlich krankenversichert sind, sind diese Leistungen kostenfrei.<\/span><\/span><\/li><\/ul><p>\u00a0<\/p><ul><li><span style=\"font-family: tahoma, arial, helvetica, sans-serif; font-size: 12pt;\"><a href=\"http:\/\/www.serviceportal-zuhause-im-alter.de\/\">http:\/\/www.serviceportal-zuhause-im-alter.de<\/a>\u00a0<span style=\"color: #808080;\">\u2013 ist der offizielle Internetauftritt des Bundesministerium f\u00fcr Familie, Senioren, Frauen und Jugend. Hier finden Sie umfassende Informationen \u00fcber staatliche Zusch\u00fcsse zur ambulanten Betreuung und Programme zur F\u00f6rderung des selbst\u00e4ndigen Wohnens im Alter.<\/span><\/span><\/li><\/ul><p>\u00a0<\/p><ul><li><span style=\"font-family: tahoma, arial, helvetica, sans-serif; font-size: 12pt;\"><a href=\"http:\/\/www.wir-pflegen.net\/\">http:\/\/www.wir-pflegen.net<\/a>\u00a0<span style=\"color: #808080;\">&#8211; der bundesweite Verein, der Interessen der pflegenden Angeh\u00f6rigen vertritt.<\/span><\/span><\/li><\/ul><p>\u00a0<\/p><ul><li><span style=\"font-family: tahoma, arial, helvetica, sans-serif; font-size: 12pt;\"><a href=\"http:\/\/urlaub-und-pflege.de\/\">http:\/\/urlaub-und-pflege.de<\/a>\u00a0<span style=\"color: #808080;\">&#8211; ein Reiseverein, der Reisen f\u00fcr Familien mit pflegebed\u00fcrftigen Menschen anbietet. Im Blog werden die Erfahrungen ausgetauscht, Kontakte gekn\u00fcpft und gegenseitige Unterst\u00fctzung geleistet.<\/span><\/span><\/li><\/ul><p>\u00a0<\/p><ul><li><span style=\"font-family: tahoma, arial, helvetica, sans-serif; font-size: 12pt;\"><a href=\"http:\/\/www.bagso.de\/\">http:\/\/www.bagso.de<\/a>\u00a0<span style=\"color: #808080;\">\u2013 ist der Internettauftritt von dem \u201eLobby der \u00c4lteren\u201c, so nennt sich der Verein selbst, der mit seiner Initiative zeigt, dass ein selbstbestimmtes und erf\u00fclltes Leben<\/span><\/span><br \/><span style=\"color: #808080; font-family: tahoma, arial, helvetica, sans-serif; font-size: 12pt;\">auch im Alter m\u00f6glich ist. Gibt wertvolle Tipps zur Pflege zu Hause.<\/span><\/li><\/ul>\t\t\t\t\t\t<\/div>\n\t\t\t\t<\/div>\n\t\t\t\t\t<\/div>\n\t\t<\/div>\n\t\t\t\t\t\t\t<\/div>\n\t\t<\/section>\n\t\t\t\t\t\t\t<\/div>\n\t\t","protected":false},"excerpt":{"rendered":"<p>Trotz H\u00fclle und F\u00fclle an Informationen fehlt\u00a0oftmals das N\u00fctzliche. \u00a0Zu Ihrer Orientierung haben wir wichtige Adressen\u00a0im Web rund um das Thema \u201ePflege\u201c zusammengefasst. Gerne k\u00f6nnen Sie mit jedem Ihren Anliegen direkt an uns wenden. Adressen im Internet https:\/\/www.pflegen-und-leben.de\u00a0\u2013 ist ein Beratungsangebot f\u00fcr pflegende Angeh\u00f6rigen. Hier k\u00f6nnen Verwandte, Nachbarn und Freunde der gepflegten Person psychologische Unterst\u00fctzung<a href=\"https:\/\/ellina-pflegedienst-lahr.de\/?page_id=62\" class=\"readmore\">Read More&#8230;<\/a><\/p>\n","protected":false},"author":1,"featured_media":0,"parent":0,"menu_order":3,"comment_status":"closed","ping_status":"closed","template":"","meta":{"footnotes":""},"_links":{"self":[{"href":"https:\/\/ellina-pflegedienst-lahr.de\/index.php?rest_route=\/wp\/v2\/pages\/62"}],"collection":[{"href":"https:\/\/ellina-pflegedienst-lahr.de\/index.php?rest_route=\/wp\/v2\/pages"}],"about":[{"href":"https:\/\/ellina-pflegedienst-lahr.de\/index.php?rest_route=\/wp\/v2\/types\/page"}],"author":[{"embeddable":true,"href":"https:\/\/ellina-pflegedienst-lahr.de\/index.php?rest_route=\/wp\/v2\/users\/1"}],"replies":[{"embeddable":true,"href":"https:\/\/ellina-pflegedienst-lahr.de\/index.php?rest_route=%2Fwp%2Fv2%2Fcomments&post=62"}],"version-history":[{"count":17,"href":"https:\/\/ellina-pflegedienst-lahr.de\/index.php?rest_route=\/wp\/v2\/pages\/62\/revisions"}],"predecessor-version":[{"id":471,"href":"https:\/\/ellina-pflegedienst-lahr.de\/index.php?rest_route=\/wp\/v2\/pages\/62\/revisions\/471"}],"wp:attachment":[{"href":"https:\/\/ellina-pflegedienst-lahr.de\/index.php?rest_route=%2Fwp%2Fv2%2Fmedia&parent=62"}],"curies":[{"name":"wp","href":"https:\/\/api.w.org\/{rel}","templated":true}]}}