{"id":56,"date":"2018-03-09T14:02:50","date_gmt":"2018-03-09T14:02:50","guid":{"rendered":"http:\/\/ellina-pflegedienst-lahr.de\/?page_id=56"},"modified":"2025-04-15T16:15:52","modified_gmt":"2025-04-15T16:15:52","slug":"impressum","status":"publish","type":"page","link":"https:\/\/ellina-pflegedienst-lahr.de\/?page_id=56","title":{"rendered":"IMPRESSUM"},"content":{"rendered":"\t\t<div data-elementor-type=\"wp-post\" data-elementor-id=\"56\" class=\"elementor elementor-56\">\n\t\t\t\t\t\t\t\t\t<section class=\"elementor-section elementor-top-section elementor-element elementor-element-7aeea822 elementor-reverse-mobile elementor-section-boxed elementor-section-height-default elementor-section-height-default\" data-id=\"7aeea822\" data-element_type=\"section\">\n\t\t\t\t\t\t<div class=\"elementor-container elementor-column-gap-default\">\n\t\t\t\t\t<div class=\"elementor-column elementor-col-100 elementor-top-column elementor-element elementor-element-5b85802a\" data-id=\"5b85802a\" data-element_type=\"column\">\n\t\t\t<div class=\"elementor-widget-wrap elementor-element-populated\">\n\t\t\t\t\t\t\t\t<div class=\"elementor-element elementor-element-78847d25 elementor-widget elementor-widget-text-editor\" data-id=\"78847d25\" data-element_type=\"widget\" data-widget_type=\"text-editor.default\">\n\t\t\t\t<div class=\"elementor-widget-container\">\n\t\t\t\t\t\t\t<p><span style=\"color: #808080; font-family: tahoma,arial,helvetica,sans-serif; font-size: 12pt;\">ELLINA Ambulante Pflegedienst GbR<\/span><br><span style=\"color: #808080; font-family: tahoma,arial,helvetica,sans-serif; font-size: 12pt;\"> Becker, Legcilin<\/span><br><span style=\"color: #808080; font-family: tahoma, arial, helvetica, sans-serif;\"><span style=\"font-size: 16px;\">Sch\u00fctzenstra\u00dfe. 14a<\/span><\/span><br><span style=\"color: #808080; font-family: tahoma,arial,helvetica,sans-serif; font-size: 12pt;\"> 77933 Lahr Schwarzwald<\/span><\/p>\n<p><span style=\"color: #808080;\"><strong><span style=\"font-family: tahoma,arial,helvetica,sans-serif; font-size: 12pt;\">Vertreten durch:<\/span><\/strong><\/span><\/p>\n<p><span style=\"color: #808080; font-family: tahoma,arial,helvetica,sans-serif; font-size: 12pt;\">Lidia Becker, Nadiya Legcilin<\/span><\/p>\n<p><span style=\"color: #808080;\"><strong><span style=\"font-family: tahoma,arial,helvetica,sans-serif; font-size: 12pt;\">Kontakt:<\/span><\/strong><\/span><\/p>\n<p><span style=\"color: #808080; font-family: tahoma,arial,helvetica,sans-serif; font-size: 12pt;\">Tel.: 07821 98 93 200<\/span><br><span style=\"color: #808080; font-family: tahoma,arial,helvetica,sans-serif; font-size: 12pt;\"> Fax: 07821 99 83 350<\/span><br><span style=\"color: #808080; font-family: tahoma,arial,helvetica,sans-serif; font-size: 12pt;\"> E-Mail: info@ellina-pflegedienst-lahr.de<\/span><\/p>\n<p><span style=\"color: #808080;\"><strong><span style=\"font-family: tahoma,arial,helvetica,sans-serif; font-size: 12pt;\">Haftungshinweise:<\/span><\/strong><\/span><\/p>\n<p><span style=\"color: #808080; font-family: tahoma,arial,helvetica,sans-serif; font-size: 12pt;\">Die Informationen auf der Website von ELLINA Ambulanter Pflegedienst GbR sind allgemeiner Art und diesen lediglich dazu, die Firma ELLINA Ambulante Pflegedienst GbR dem Besucher der Website vorzustellen. Alle Informationen, die Sie in unserem Angebot finden, wurden von uns mit gro\u00dfer Sorgfalt erstellt. Wir \u00fcbernehmen jedoch keine Gew\u00e4hr f\u00fcr die Richtigkeit und Vollst\u00e4ndigkeit dieser Informationen. Hiervor sind ausgenommen die Haftung f\u00fcr grobe Fahrl\u00e4ssigkeit und der Vorsatz. F\u00fcr die Entscheidungen, die der Besucher der Website aufgrund dargestellter Informationen trifft, \u00fcbernehmen wir keine Verantwortung.<\/span><\/p>\n<p><span style=\"color: #808080; font-family: tahoma,arial,helvetica,sans-serif; font-size: 12pt;\">Wir weisen ebenfalls darauf hin, dass der auf der Website dargestellte Inhalt weder eine gesundheitliche, physiotherapeutische, psychologische Auskunft gibt und hierf\u00fcr nicht geeignet ist, noch eine individuelle Beratung durch fachkundige Personen mit Ber\u00fccksichtigung individueller Besonderheiten des Einzelfalls ersetzt.<\/span><\/p>\n<p><span style=\"color: #808080; font-family: tahoma,arial,helvetica,sans-serif; font-size: 12pt;\">ELLINA Ambulante Pflegedienst GbR beh\u00e4lt sich das Recht vor, alle auf der Website angebotenen Dienstleistungen, Inhalte und Produkte jederzeit zu ver\u00e4ndern, zu entnehmen und zu aktualisieren. <\/span><br><span style=\"color: #808080; font-family: tahoma,arial,helvetica,sans-serif; font-size: 12pt;\"> Wir \u00fcbernehmen keine Haftung f\u00fcr die Inhalte anderer Websites, die \u00fcber Hyperlinks \u00fcber das Angebot von ELLINA Ambulanter Pflegedienst GbR informieren. Hierbei handelt sich um fremde Angebote, auf welche ELLINA Ambulante Pflegedienst GbR keinen Einfluss hat.<\/span><\/p>\n<p><span style=\"color: #808080;\"><strong><span style=\"font-family: tahoma,arial,helvetica,sans-serif; font-size: 12pt;\">Hinweise zum Datenschutz:<\/span><\/strong><\/span><\/p>\n<p><span style=\"color: #808080; font-family: tahoma,arial,helvetica,sans-serif; font-size: 12pt;\">Die Nutzung unserer Website ist ohne Angaben personenbezogenen Daten (Name, Geburtsdatum, Anschrift, E-Mail Adresse etc.) m\u00f6glich. Soweit diese auf unserer Website erhoben werden, erfolgt dies auf freiwilliger Basis. Diese Daten werden ohne Ihre ausdr\u00fcckliche Zustimmung nicht an Dritte weitergegeben.<\/span><\/p>\n<p><span style=\"color: #808080; font-family: tahoma,arial,helvetica,sans-serif; font-size: 12pt;\">Wir weisen darauf hin, dass die Daten\u00fcbertragung im Internet, z.B. durch die Kommunikation per E-Mail, oder die Nutzung von sozialen Netzwerken Sicherheitsl\u00fccken aufweisen kann. Eine vollst\u00e4ndig l\u00fcckenlose Daten\u00fcbertragung im Internet vor dem Zugriff der Dritten ist nicht m\u00f6glich.<\/span><\/p>\n<p><span style=\"color: #808080; font-family: tahoma,arial,helvetica,sans-serif; font-size: 12pt;\">Die Nutzung von im Rahmen der Impressumspflicht ver\u00f6ffentlichten Kontaktdaten durch Dritte zur \u00dcbersendung von nicht ausdr\u00fccklich angeforderter Werbung und Informationsmaterialien wird hiermit ausdr\u00fccklich widersprochen. Die Betreiber der Seite behalten sich ausdr\u00fccklich rechtliche Schritte im Falle der unverlangten Werbeinformationen, etwa Spam, vor.<\/span><\/p>\n<p><span style=\"color: #808080;\"><strong><span style=\"font-family: tahoma,arial,helvetica,sans-serif; font-size: 12pt;\">Urheberrecht:<\/span><\/strong><\/span><\/p>\n<p><span style=\"color: #808080; font-family: tahoma,arial,helvetica,sans-serif; font-size: 12pt;\">Die durch Seitenbetreiber ELLINA Ambulante Pflegedienst GbR erstellten Inhalte: Texte, Bilder, grafische Daten sind urheberrechtlich gesch\u00fctzt und unterliegen dem deutschen Urheberrecht. <\/span><br><span style=\"color: #808080; font-family: tahoma,arial,helvetica,sans-serif; font-size: 12pt;\"> Das Kopieren, die Verbreitung, Ver\u00e4nderung und jede Art der Verwendung der Inhalte au\u00dferhalb des deutschen Urheberrechts sind nur mit der schriftlichen ausdr\u00fccklichen Zustimmung des jeweiligen Autors m\u00f6glich. Das Kopieren der Inhalte und die Nutzung der auf der Website aufgef\u00fchrten Links sind nur f\u00fcr den privaten Gebrauch gestattet.<\/span><\/p>\n<p><span style=\"color: #808080; font-size: 10pt;\"><em><span style=\"font-family: tahoma,arial,helvetica,sans-serif;\">Dieser Internetauftritt wurde erstellt von:<\/span><\/em><\/span><\/p>\n<p><span style=\"color: #808080; font-family: tahoma,arial,helvetica,sans-serif; font-size: 10pt;\">Konzept &amp; Texte: Larisa Leuthner<\/span><br><span style=\"color: #808080; font-family: tahoma,arial,helvetica,sans-serif; font-size: 10pt;\"> Bilder: Jolin Held, <a href=\"http:\/\/www.jolin-held.de\">www.jolin-held.de<\/a><\/span><br><span style=\"color: #808080; font-family: tahoma,arial,helvetica,sans-serif; font-size: 10pt;\"> Logo &amp; grafische Daten: Martina Gabriel, <a href=\"http:\/\/www.martinagabriel.de\">www.martinagabriel.de<\/a><\/span><br><span style=\"color: #808080; font-family: tahoma,arial,helvetica,sans-serif; font-size: 10pt;\"> EDV &amp; Webdesign: J\u00fcrgen Billion, <a href=\"http:\/\/www.billion-edv.de\">www.billion-edv.de<\/a><\/span><\/p>\t\t\t\t\t\t<\/div>\n\t\t\t\t<\/div>\n\t\t\t\t\t<\/div>\n\t\t<\/div>\n\t\t\t\t\t\t\t<\/div>\n\t\t<\/section>\n\t\t\t\t\t\t\t<\/div>\n\t\t","protected":false},"excerpt":{"rendered":"<p>ELLINA Ambulante Pflegedienst GbR Becker, LegcilinSch\u00fctzenstra\u00dfe. 14a 77933 Lahr Schwarzwald Vertreten durch: Lidia Becker, Nadiya Legcilin Kontakt: Tel.: 07821 98 93 200 Fax: 07821 99 83 350 E-Mail: info@ellina-pflegedienst-lahr.de Haftungshinweise: Die Informationen auf der Website von ELLINA Ambulanter Pflegedienst GbR sind allgemeiner Art und diesen lediglich dazu, die Firma ELLINA Ambulante Pflegedienst GbR dem Besucher<a href=\"https:\/\/ellina-pflegedienst-lahr.de\/?page_id=56\" class=\"readmore\">Read More&#8230;<\/a><\/p>\n","protected":false},"author":1,"featured_media":0,"parent":0,"menu_order":4,"comment_status":"closed","ping_status":"closed","template":"","meta":{"footnotes":""},"_links":{"self":[{"href":"https:\/\/ellina-pflegedienst-lahr.de\/index.php?rest_route=\/wp\/v2\/pages\/56"}],"collection":[{"href":"https:\/\/ellina-pflegedienst-lahr.de\/index.php?rest_route=\/wp\/v2\/pages"}],"about":[{"href":"https:\/\/ellina-pflegedienst-lahr.de\/index.php?rest_route=\/wp\/v2\/types\/page"}],"author":[{"embeddable":true,"href":"https:\/\/ellina-pflegedienst-lahr.de\/index.php?rest_route=\/wp\/v2\/users\/1"}],"replies":[{"embeddable":true,"href":"https:\/\/ellina-pflegedienst-lahr.de\/index.php?rest_route=%2Fwp%2Fv2%2Fcomments&post=56"}],"version-history":[{"count":29,"href":"https:\/\/ellina-pflegedienst-lahr.de\/index.php?rest_route=\/wp\/v2\/pages\/56\/revisions"}],"predecessor-version":[{"id":483,"href":"https:\/\/ellina-pflegedienst-lahr.de\/index.php?rest_route=\/wp\/v2\/pages\/56\/revisions\/483"}],"wp:attachment":[{"href":"https:\/\/ellina-pflegedienst-lahr.de\/index.php?rest_route=%2Fwp%2Fv2%2Fmedia&parent=56"}],"curies":[{"name":"wp","href":"https:\/\/api.w.org\/{rel}","templated":true}]}}