{"id":24,"date":"2018-03-09T11:39:23","date_gmt":"2018-03-09T11:39:23","guid":{"rendered":"http:\/\/ellina-pflegedienst-lahr.de\/?page_id=24"},"modified":"2025-04-15T16:33:14","modified_gmt":"2025-04-15T16:33:14","slug":"team","status":"publish","type":"page","link":"https:\/\/ellina-pflegedienst-lahr.de\/?page_id=24","title":{"rendered":"TEAM"},"content":{"rendered":"\t\t<div data-elementor-type=\"wp-post\" data-elementor-id=\"24\" class=\"elementor elementor-24\">\n\t\t\t\t\t\t\t\t\t<section class=\"elementor-section elementor-top-section elementor-element elementor-element-95c24e2 elementor-section-boxed elementor-section-height-default elementor-section-height-default\" data-id=\"95c24e2\" data-element_type=\"section\">\n\t\t\t\t\t\t<div class=\"elementor-container elementor-column-gap-default\">\n\t\t\t\t\t<div class=\"elementor-column elementor-col-100 elementor-top-column elementor-element elementor-element-31f9496\" data-id=\"31f9496\" data-element_type=\"column\">\n\t\t\t<div class=\"elementor-widget-wrap elementor-element-populated\">\n\t\t\t\t\t\t\t\t<div class=\"elementor-element elementor-element-98a64da elementor-widget elementor-widget-text-editor\" data-id=\"98a64da\" data-element_type=\"widget\" data-widget_type=\"text-editor.default\">\n\t\t\t\t<div class=\"elementor-widget-container\">\n\t\t\t\t\t\t\t<p><span style=\"color: #808080; font-family: tahoma, arial, helvetica, sans-serif; font-size: 14pt;\">Willkommen ins Cockpit!<\/span><br \/><span style=\"font-family: tahoma, arial, helvetica, sans-serif; font-size: 14pt;\"><span style=\"color: #808080;\">Die \u201eSteuerfrauen\u201c von \u201e<\/span><span style=\"color: #645492;\">ELLINA<\/span><span style=\"color: #808080;\">\u201c stellen sich vor.<\/span><\/span><\/p><p><span style=\"color: #808080; font-family: tahoma, arial, helvetica, sans-serif; font-size: 12pt;\">Das Arbeiten in der Pflege bedeutet f\u00fcr uns eine gro\u00dfe berufliche Erf\u00fcllung und geh\u00f6rt ein St\u00fcck weit zu unserer Lebensweise. Es macht uns umso mehr Spa\u00df, den eigenen Pflegedienst zu leiten. Als Gesch\u00e4ftsf\u00fchrerinnen tragen wir eine gro\u00dfe Verantwortung.<\/span><\/p><p><span style=\"font-family: tahoma, arial, helvetica, sans-serif; font-size: 12pt;\"><span style=\"color: #75b53d; font-size: 14pt;\">Kundenbesuche und die Erweiterung unseres Leistungsangebots<\/span><span style=\"color: #808080;\">, orientiert an Ihre Bed\u00fcrfnisse, bleiben nach wie vor<\/span>\u00a0<span style=\"color: #645492; font-size: 14pt;\">unsere Aufgabe Nr. 1!<\/span><\/span><\/p><p><span style=\"font-family: tahoma, arial, helvetica, sans-serif; font-size: 12pt;\"><span style=\"color: #645492; font-size: 14pt;\">\u00a0<\/span><\/span><\/p>\t\t\t\t\t\t<\/div>\n\t\t\t\t<\/div>\n\t\t\t\t\t<\/div>\n\t\t<\/div>\n\t\t\t\t\t\t\t<\/div>\n\t\t<\/section>\n\t\t\t\t<section class=\"elementor-section elementor-top-section elementor-element elementor-element-2103bf9 elementor-section-boxed elementor-section-height-default elementor-section-height-default\" data-id=\"2103bf9\" data-element_type=\"section\">\n\t\t\t\t\t\t<div class=\"elementor-container elementor-column-gap-default\">\n\t\t\t\t\t<div class=\"elementor-column elementor-col-33 elementor-top-column elementor-element elementor-element-af28423\" data-id=\"af28423\" data-element_type=\"column\">\n\t\t\t<div class=\"elementor-widget-wrap elementor-element-populated\">\n\t\t\t\t\t\t\t\t<div class=\"elementor-element elementor-element-f3b6b91 elementor-widget elementor-widget-image\" data-id=\"f3b6b91\" data-element_type=\"widget\" data-widget_type=\"image.default\">\n\t\t\t\t<div class=\"elementor-widget-container\">\n\t\t\t\t\t\t\t\t\t\t\t\t\t\t\t<img loading=\"lazy\" decoding=\"async\" width=\"682\" height=\"1024\" src=\"https:\/\/ellina-pflegedienst-lahr.de\/wp-content\/uploads\/2018\/03\/Legchylina_Potrait3-682x1024.jpg\" class=\"attachment-large size-large wp-image-218\" alt=\"\" srcset=\"https:\/\/ellina-pflegedienst-lahr.de\/wp-content\/uploads\/2018\/03\/Legchylina_Potrait3-682x1024.jpg 682w, https:\/\/ellina-pflegedienst-lahr.de\/wp-content\/uploads\/2018\/03\/Legchylina_Potrait3-200x300.jpg 200w, https:\/\/ellina-pflegedienst-lahr.de\/wp-content\/uploads\/2018\/03\/Legchylina_Potrait3.jpg 724w\" sizes=\"(max-width: 682px) 100vw, 682px\" \/>\t\t\t\t\t\t\t\t\t\t\t\t\t\t\t<\/div>\n\t\t\t\t<\/div>\n\t\t\t\t\t<\/div>\n\t\t<\/div>\n\t\t\t\t<div class=\"elementor-column elementor-col-33 elementor-top-column elementor-element elementor-element-4fb5d6e\" data-id=\"4fb5d6e\" data-element_type=\"column\">\n\t\t\t<div class=\"elementor-widget-wrap elementor-element-populated\">\n\t\t\t\t\t\t\t\t<div class=\"elementor-element elementor-element-e1c0d64 elementor-widget elementor-widget-text-editor\" data-id=\"e1c0d64\" data-element_type=\"widget\" data-widget_type=\"text-editor.default\">\n\t\t\t\t<div class=\"elementor-widget-container\">\n\t\t\t\t\t\t\t<p style=\"text-align: center; margin: 0cm 0cm 7.5pt 0cm;\" align=\"center\"><strong><span style=\"font-family: Tahoma, sans-serif; font-size: 12pt;\">Nadiya Legcilin<\/span><\/strong><\/p><p style=\"margin: 0cm 0cm 7.5pt; text-align: center;\" align=\"center\"><span style=\"font-family: Tahoma, sans-serif; font-size: 10pt;\">Examinierte Gesundheits- Kranken-pflegerin, Altenpflegerin, Fachgebiete: Schmerzmanagement, Wundtherapie, Demenz<\/span><\/p><p style=\"margin: 0cm 0cm 7.5pt; text-align: center;\" align=\"center\"><span style=\"font-size: 10pt; font-family: tahoma, arial, helvetica, sans-serif;\"><em>\u201eIch war die j\u00fcngste Tochter in der Familie und habe als Jugendliche erlebt, wie meine Eltern alt wurden. Ich habe fr\u00fch das Unterst\u00fctzen, Helfen, Nachempfinden und Tr\u00f6sten gelernt. Heute tue ich das f\u00fcr meine Kunden!\u201c<\/em><\/span><\/p>\t\t\t\t\t\t<\/div>\n\t\t\t\t<\/div>\n\t\t\t\t\t<\/div>\n\t\t<\/div>\n\t\t\t\t<div class=\"elementor-column elementor-col-33 elementor-top-column elementor-element elementor-element-bfcd484\" data-id=\"bfcd484\" data-element_type=\"column\">\n\t\t\t<div class=\"elementor-widget-wrap elementor-element-populated\">\n\t\t\t\t\t\t\t\t<div class=\"elementor-element elementor-element-14829ee elementor-widget elementor-widget-image\" data-id=\"14829ee\" data-element_type=\"widget\" data-widget_type=\"image.default\">\n\t\t\t\t<div class=\"elementor-widget-container\">\n\t\t\t\t\t\t\t\t\t\t\t\t\t\t\t<img loading=\"lazy\" decoding=\"async\" width=\"682\" height=\"1024\" src=\"https:\/\/ellina-pflegedienst-lahr.de\/wp-content\/uploads\/2018\/03\/Legchylina_Portrait1-682x1024.jpg\" class=\"attachment-large size-large wp-image-216\" alt=\"\" srcset=\"https:\/\/ellina-pflegedienst-lahr.de\/wp-content\/uploads\/2018\/03\/Legchylina_Portrait1-682x1024.jpg 682w, https:\/\/ellina-pflegedienst-lahr.de\/wp-content\/uploads\/2018\/03\/Legchylina_Portrait1-200x300.jpg 200w, https:\/\/ellina-pflegedienst-lahr.de\/wp-content\/uploads\/2018\/03\/Legchylina_Portrait1.jpg 727w\" sizes=\"(max-width: 682px) 100vw, 682px\" \/>\t\t\t\t\t\t\t\t\t\t\t\t\t\t\t<\/div>\n\t\t\t\t<\/div>\n\t\t\t\t\t<\/div>\n\t\t<\/div>\n\t\t\t\t\t\t\t<\/div>\n\t\t<\/section>\n\t\t\t\t<section class=\"elementor-section elementor-top-section elementor-element elementor-element-b2aad0c elementor-section-boxed elementor-section-height-default elementor-section-height-default\" data-id=\"b2aad0c\" data-element_type=\"section\">\n\t\t\t\t\t\t<div class=\"elementor-container elementor-column-gap-default\">\n\t\t\t\t\t<div class=\"elementor-column elementor-col-33 elementor-top-column elementor-element elementor-element-aaf85a4\" data-id=\"aaf85a4\" data-element_type=\"column\">\n\t\t\t<div class=\"elementor-widget-wrap elementor-element-populated\">\n\t\t\t\t\t\t\t\t<div class=\"elementor-element elementor-element-5526ed4 elementor-widget elementor-widget-image\" data-id=\"5526ed4\" data-element_type=\"widget\" data-widget_type=\"image.default\">\n\t\t\t\t<div class=\"elementor-widget-container\">\n\t\t\t\t\t\t\t\t\t\t\t\t\t\t\t<img loading=\"lazy\" decoding=\"async\" width=\"682\" height=\"1024\" src=\"https:\/\/ellina-pflegedienst-lahr.de\/wp-content\/uploads\/2018\/03\/Becker_Portrait1-682x1024.jpg\" class=\"attachment-large size-large wp-image-209\" alt=\"\" srcset=\"https:\/\/ellina-pflegedienst-lahr.de\/wp-content\/uploads\/2018\/03\/Becker_Portrait1-682x1024.jpg 682w, https:\/\/ellina-pflegedienst-lahr.de\/wp-content\/uploads\/2018\/03\/Becker_Portrait1-200x300.jpg 200w, https:\/\/ellina-pflegedienst-lahr.de\/wp-content\/uploads\/2018\/03\/Becker_Portrait1.jpg 767w\" sizes=\"(max-width: 682px) 100vw, 682px\" \/>\t\t\t\t\t\t\t\t\t\t\t\t\t\t\t<\/div>\n\t\t\t\t<\/div>\n\t\t\t\t\t<\/div>\n\t\t<\/div>\n\t\t\t\t<div class=\"elementor-column elementor-col-33 elementor-top-column elementor-element elementor-element-822ffea\" data-id=\"822ffea\" data-element_type=\"column\">\n\t\t\t<div class=\"elementor-widget-wrap elementor-element-populated\">\n\t\t\t\t\t\t\t\t<div class=\"elementor-element elementor-element-4313cdd elementor-widget elementor-widget-text-editor\" data-id=\"4313cdd\" data-element_type=\"widget\" data-widget_type=\"text-editor.default\">\n\t\t\t\t<div class=\"elementor-widget-container\">\n\t\t\t\t\t\t\t<p style=\"text-align: center; margin: 0cm 0cm 7.5pt 0cm;\" align=\"center\"><span style=\"font-size: 12pt;\"><strong><span style=\"font-family: Tahoma, sans-serif;\">Lidia Becker<\/span><\/strong><\/span><\/p><p style=\"margin: 0cm 0cm 7.5pt; text-align: center;\" align=\"center\"><span style=\"font-size: 10pt; font-family: Tahoma, sans-serif;\">Anerkannte Gesundheits- und Kinder- krankenpflegerin, Pflegedienstleisterin\u00a0<\/span><\/p><p style=\"margin: 0cm 0cm 7.5pt; text-align: center;\" align=\"center\">\u201eIch durfte in mehreren L\u00e4ndern leben und unterschiedliche Kulturen kennen-lernen. Die treuesten Seelenverwandten und die Quelle der Weisheit fand ich unter \u00e4lteren Menschen. Heute sind das f\u00fcr mich meine Kunden und ich bedanke mich daf\u00fcr mit portugiesischem \u201eobrigado\u201c.<\/p>\t\t\t\t\t\t<\/div>\n\t\t\t\t<\/div>\n\t\t\t\t\t<\/div>\n\t\t<\/div>\n\t\t\t\t<div class=\"elementor-column elementor-col-33 elementor-top-column elementor-element elementor-element-982a828\" data-id=\"982a828\" data-element_type=\"column\">\n\t\t\t<div class=\"elementor-widget-wrap elementor-element-populated\">\n\t\t\t\t\t\t\t\t<div class=\"elementor-element elementor-element-c630b82 elementor-widget elementor-widget-image\" data-id=\"c630b82\" data-element_type=\"widget\" data-widget_type=\"image.default\">\n\t\t\t\t<div class=\"elementor-widget-container\">\n\t\t\t\t\t\t\t\t\t\t\t\t\t\t\t<img loading=\"lazy\" decoding=\"async\" width=\"683\" height=\"1024\" src=\"https:\/\/ellina-pflegedienst-lahr.de\/wp-content\/uploads\/2018\/03\/Becker_Portrait2-683x1024.jpg\" class=\"attachment-large size-large wp-image-210\" alt=\"\" srcset=\"https:\/\/ellina-pflegedienst-lahr.de\/wp-content\/uploads\/2018\/03\/Becker_Portrait2-683x1024.jpg 683w, https:\/\/ellina-pflegedienst-lahr.de\/wp-content\/uploads\/2018\/03\/Becker_Portrait2-200x300.jpg 200w, https:\/\/ellina-pflegedienst-lahr.de\/wp-content\/uploads\/2018\/03\/Becker_Portrait2.jpg 768w, https:\/\/ellina-pflegedienst-lahr.de\/wp-content\/uploads\/2018\/03\/elementor\/thumbs\/Becker_Portrait2-nn7tpivzfumgjiryc91dkf57h5pze284gsm1364uc4.jpg 300w\" sizes=\"(max-width: 683px) 100vw, 683px\" \/>\t\t\t\t\t\t\t\t\t\t\t\t\t\t\t<\/div>\n\t\t\t\t<\/div>\n\t\t\t\t\t<\/div>\n\t\t<\/div>\n\t\t\t\t\t\t\t<\/div>\n\t\t<\/section>\n\t\t\t\t<section class=\"elementor-section elementor-top-section elementor-element elementor-element-9cdcf0c elementor-section-boxed elementor-section-height-default elementor-section-height-default\" data-id=\"9cdcf0c\" data-element_type=\"section\">\n\t\t\t\t\t\t<div class=\"elementor-container elementor-column-gap-default\">\n\t\t\t\t\t<div class=\"elementor-column elementor-col-100 elementor-top-column elementor-element elementor-element-a74e02b\" data-id=\"a74e02b\" data-element_type=\"column\">\n\t\t\t<div class=\"elementor-widget-wrap elementor-element-populated\">\n\t\t\t\t\t\t\t\t<div class=\"elementor-element elementor-element-859a052 elementor-widget elementor-widget-text-editor\" data-id=\"859a052\" data-element_type=\"widget\" data-widget_type=\"text-editor.default\">\n\t\t\t\t<div class=\"elementor-widget-container\">\n\t\t\t\t\t\t\t<p><span style=\"background-color: transparent; color: #75b53d; font-family: tahoma, arial, helvetica, sans-serif; font-size: 18.66px; font-variant-numeric: normal; font-variant-east-asian: normal;\">Wir freuen uns auf Sie!<\/span><\/p>\t\t\t\t\t\t<\/div>\n\t\t\t\t<\/div>\n\t\t\t\t\t<\/div>\n\t\t<\/div>\n\t\t\t\t\t\t\t<\/div>\n\t\t<\/section>\n\t\t\t\t\t\t\t<\/div>\n\t\t","protected":false},"excerpt":{"rendered":"<p>Willkommen ins Cockpit!Die \u201eSteuerfrauen\u201c von \u201eELLINA\u201c stellen sich vor. Das Arbeiten in der Pflege bedeutet f\u00fcr uns eine gro\u00dfe berufliche Erf\u00fcllung und geh\u00f6rt ein St\u00fcck weit zu unserer Lebensweise. Es macht uns umso mehr Spa\u00df, den eigenen Pflegedienst zu leiten. Als Gesch\u00e4ftsf\u00fchrerinnen tragen wir eine gro\u00dfe Verantwortung. Kundenbesuche und die Erweiterung unseres Leistungsangebots, orientiert an<a href=\"https:\/\/ellina-pflegedienst-lahr.de\/?page_id=24\" class=\"readmore\">Read More&#8230;<\/a><\/p>\n","protected":false},"author":1,"featured_media":0,"parent":0,"menu_order":1,"comment_status":"closed","ping_status":"closed","template":"","meta":{"footnotes":""},"_links":{"self":[{"href":"https:\/\/ellina-pflegedienst-lahr.de\/index.php?rest_route=\/wp\/v2\/pages\/24"}],"collection":[{"href":"https:\/\/ellina-pflegedienst-lahr.de\/index.php?rest_route=\/wp\/v2\/pages"}],"about":[{"href":"https:\/\/ellina-pflegedienst-lahr.de\/index.php?rest_route=\/wp\/v2\/types\/page"}],"author":[{"embeddable":true,"href":"https:\/\/ellina-pflegedienst-lahr.de\/index.php?rest_route=\/wp\/v2\/users\/1"}],"replies":[{"embeddable":true,"href":"https:\/\/ellina-pflegedienst-lahr.de\/index.php?rest_route=%2Fwp%2Fv2%2Fcomments&post=24"}],"version-history":[{"count":47,"href":"https:\/\/ellina-pflegedienst-lahr.de\/index.php?rest_route=\/wp\/v2\/pages\/24\/revisions"}],"predecessor-version":[{"id":492,"href":"https:\/\/ellina-pflegedienst-lahr.de\/index.php?rest_route=\/wp\/v2\/pages\/24\/revisions\/492"}],"wp:attachment":[{"href":"https:\/\/ellina-pflegedienst-lahr.de\/index.php?rest_route=%2Fwp%2Fv2%2Fmedia&parent=24"}],"curies":[{"name":"wp","href":"https:\/\/api.w.org\/{rel}","templated":true}]}}