{"id":178,"date":"2018-03-13T08:33:22","date_gmt":"2018-03-13T08:33:22","guid":{"rendered":"http:\/\/ellina-pflegedienst-lahr.de\/?page_id=178"},"modified":"2025-04-15T16:17:13","modified_gmt":"2025-04-15T16:17:13","slug":"jobs-2","status":"publish","type":"page","link":"https:\/\/ellina-pflegedienst-lahr.de\/?page_id=178","title":{"rendered":"JOBS"},"content":{"rendered":"\t\t<div data-elementor-type=\"wp-post\" data-elementor-id=\"178\" class=\"elementor elementor-178\">\n\t\t\t\t\t\t\t\t\t<section class=\"elementor-section elementor-top-section elementor-element elementor-element-56217ff7 elementor-reverse-mobile elementor-section-boxed elementor-section-height-default elementor-section-height-default\" data-id=\"56217ff7\" data-element_type=\"section\">\n\t\t\t\t\t\t<div class=\"elementor-container elementor-column-gap-default\">\n\t\t\t\t\t<div class=\"elementor-column elementor-col-100 elementor-top-column elementor-element elementor-element-625b2776\" data-id=\"625b2776\" data-element_type=\"column\">\n\t\t\t<div class=\"elementor-widget-wrap elementor-element-populated\">\n\t\t\t\t\t\t\t\t<div class=\"elementor-element elementor-element-66dad656 elementor-widget elementor-widget-text-editor\" data-id=\"66dad656\" data-element_type=\"widget\" data-widget_type=\"text-editor.default\">\n\t\t\t\t<div class=\"elementor-widget-container\">\n\t\t\t\t\t\t\t<p><img loading=\"lazy\" decoding=\"async\" class=\"wp-image-461 size-full aligncenter\" src=\"http:\/\/ellina-pflegedienst-lahr.de\/wp-content\/uploads\/2024\/02\/kindness-quotes-for-compassionate-nurses-653x420-1.jpg\" alt=\"\" width=\"653\" height=\"420\" srcset=\"https:\/\/ellina-pflegedienst-lahr.de\/wp-content\/uploads\/2024\/02\/kindness-quotes-for-compassionate-nurses-653x420-1.jpg 653w, https:\/\/ellina-pflegedienst-lahr.de\/wp-content\/uploads\/2024\/02\/kindness-quotes-for-compassionate-nurses-653x420-1-300x193.jpg 300w, https:\/\/ellina-pflegedienst-lahr.de\/wp-content\/uploads\/2024\/02\/kindness-quotes-for-compassionate-nurses-653x420-1-120x77.jpg 120w\" sizes=\"(max-width: 653px) 100vw, 653px\" \/><\/p><p><span style=\"color: #75b53d; font-family: tahoma,arial,helvetica,sans-serif; font-size: 14pt;\">Das starke ELLINA-Team w\u00e4chst.<\/span><\/p><p><span style=\"color: #808080; font-family: tahoma,arial,helvetica,sans-serif; font-size: 12pt;\">Wir stellen gerne engagierte\u00a0<\/span><\/p><p><span style=\"color: #808080; font-family: tahoma,arial,helvetica,sans-serif; font-size: 12pt;\"><b>-Pflegefachkr\u00e4fte<\/b>\u00a0(3 j\u00e4hrige Ausbildung)<b>,<\/b><\/span><\/p><p><span style=\"color: #808080; font-family: tahoma,arial,helvetica,sans-serif; font-size: 12pt;\"><b>-Pflegehelfer\/innen <\/b>(1j\u00e4hrige Ausbildung)<\/span><\/p><p><span style=\"color: #808080; font-family: tahoma,arial,helvetica,sans-serif; font-size: 12pt;\"><b>\u00a0-Pflegehilfskr\u00e4fte<\/b>, <b>Pflegeassistent\/in<\/b> mit Erfahrung in den Pflege,\u00a0<\/span><\/p><p><span style=\"color: #808080; font-family: tahoma, arial, helvetica, sans-serif; font-size: 12pt;\">&#8211; Haushaltswirtschaftler\/-innen ein.<\/span><\/p><p><span style=\"color: #808080;\"><span style=\"font-family: tahoma,arial,helvetica,sans-serif; font-size: 12pt;\">Wenn Sie sich mit unseren Werten identifizieren <\/span><span style=\"font-family: tahoma,arial,helvetica,sans-serif; font-size: 12pt;\">und sich die Arbeit in einem dynamischen multikulturellen Umfeld vorstellen k\u00f6nnen, bewerben Sie sich initiativ bei uns. Vielleicht sind Sie unser\/-e neue\/-r Mitarbeiter\/-in, den\/die wir bald in unserem Team begr\u00fc\u00dfen d\u00fcrfen.<\/span><\/span><\/p><p><span style=\"color: #808080; font-family: tahoma,arial,helvetica,sans-serif; font-size: 12pt;\">\u00a0 \u00a0 \u00a0 \u00a0 Sie erwartet:<\/span><\/p><ul><li><span style=\"color: #808080; font-family: tahoma,arial,helvetica,sans-serif; font-size: 12pt;\">freundliches kollegiales Arbeitsklima. Wir nehmen Sie in unsere gro\u00dfe ELLINA-Familie auf und geben Ihnen Unterst\u00fctzung und viele Entwicklungsm\u00f6glichkeiten<\/span><\/li><li><span style=\"color: #808080; font-family: tahoma,arial,helvetica,sans-serif; font-size: 12pt;\">m\u00f6glichst konstanter Kreis der von jedem Pflegemitarbeiter betreuten Personen. Emotionale Bindung ist nicht nur f\u00fcr die gepflegte Person, sondern auch f\u00fcr ihren Pfleger wichtig. Darum bem\u00fchen wir uns, den Personalwechsel zu vermeiden<\/span><\/li><li><span style=\"color: #808080; font-family: tahoma,arial,helvetica,sans-serif; font-size: 12pt;\">regelm\u00e4\u00dfige Fortbildungen, Weiterbildungen<\/span><\/li><li><span style=\"color: #808080; font-family: tahoma,arial,helvetica,sans-serif; font-size: 12pt;\">\u00a0geregelte Arbeitszeiten im Fr\u00fch-,Mittags- und Sp\u00e4tdienste<\/span><\/li><li><span style=\"color: #808080; font-family: tahoma,arial,helvetica,sans-serif; font-size: 12pt;\">Wochenend-\/Nacht und Feiertagszuschl\u00e4ge<\/span><\/li><li><span style=\"color: #808080; font-family: tahoma,arial,helvetica,sans-serif; font-size: 12pt;\">sozialversicherungspflichtiger Arbeitsplatz\u00a0<\/span><\/li><li><span style=\"color: #808080; font-family: tahoma,arial,helvetica,sans-serif; font-size: 12pt;\">Gute Bezahlung nach AVR-Tarif Mantel\u00a0<\/span><\/li><li><span style=\"color: #808080; font-family: tahoma,arial,helvetica,sans-serif; font-size: 12pt;\">eine unverbindliche Schnuppertag<\/span><\/li><li><span style=\"color: #808080; font-family: tahoma,arial,helvetica,sans-serif; font-size: 12pt;\">professionelle Einarbeitung durch erfahrene Kollegen\/innen<\/span><\/li><\/ul><div><span style=\"color: #808080; font-family: tahoma, arial, helvetica, sans-serif;\"><span style=\"font-size: 16px;\">\u00a0<b>Berufseinsteiger\/innen sind uns eben so willkommen!<\/b><\/span><\/span><\/div><div><span style=\"color: #808080; font-family: tahoma, arial, helvetica, sans-serif;\"><span style=\"font-size: 16px;\">\u00a0Ihre\u00a0 \u00a0schriftliche Bewerbungen wir nehmen gerne per Post oder E-Mail an<\/span><\/span><\/div>\t\t\t\t\t\t<\/div>\n\t\t\t\t<\/div>\n\t\t\t\t\t<\/div>\n\t\t<\/div>\n\t\t\t\t\t\t\t<\/div>\n\t\t<\/section>\n\t\t\t\t\t\t\t<\/div>\n\t\t","protected":false},"excerpt":{"rendered":"<p>Das starke ELLINA-Team w\u00e4chst. Wir stellen gerne engagierte\u00a0 -Pflegefachkr\u00e4fte\u00a0(3 j\u00e4hrige Ausbildung), -Pflegehelfer\/innen (1j\u00e4hrige Ausbildung) \u00a0-Pflegehilfskr\u00e4fte, Pflegeassistent\/in mit Erfahrung in den Pflege,\u00a0 &#8211; Haushaltswirtschaftler\/-innen ein. Wenn Sie sich mit unseren Werten identifizieren und sich die Arbeit in einem dynamischen multikulturellen Umfeld vorstellen k\u00f6nnen, bewerben Sie sich initiativ bei uns. Vielleicht sind Sie unser\/-e neue\/-r Mitarbeiter\/-in, den\/die<a href=\"https:\/\/ellina-pflegedienst-lahr.de\/?page_id=178\" class=\"readmore\">Read More&#8230;<\/a><\/p>\n","protected":false},"author":1,"featured_media":0,"parent":0,"menu_order":5,"comment_status":"closed","ping_status":"closed","template":"","meta":{"footnotes":""},"_links":{"self":[{"href":"https:\/\/ellina-pflegedienst-lahr.de\/index.php?rest_route=\/wp\/v2\/pages\/178"}],"collection":[{"href":"https:\/\/ellina-pflegedienst-lahr.de\/index.php?rest_route=\/wp\/v2\/pages"}],"about":[{"href":"https:\/\/ellina-pflegedienst-lahr.de\/index.php?rest_route=\/wp\/v2\/types\/page"}],"author":[{"embeddable":true,"href":"https:\/\/ellina-pflegedienst-lahr.de\/index.php?rest_route=\/wp\/v2\/users\/1"}],"replies":[{"embeddable":true,"href":"https:\/\/ellina-pflegedienst-lahr.de\/index.php?rest_route=%2Fwp%2Fv2%2Fcomments&post=178"}],"version-history":[{"count":15,"href":"https:\/\/ellina-pflegedienst-lahr.de\/index.php?rest_route=\/wp\/v2\/pages\/178\/revisions"}],"predecessor-version":[{"id":489,"href":"https:\/\/ellina-pflegedienst-lahr.de\/index.php?rest_route=\/wp\/v2\/pages\/178\/revisions\/489"}],"wp:attachment":[{"href":"https:\/\/ellina-pflegedienst-lahr.de\/index.php?rest_route=%2Fwp%2Fv2%2Fmedia&parent=178"}],"curies":[{"name":"wp","href":"https:\/\/api.w.org\/{rel}","templated":true}]}}